{"id":76,"date":"2025-04-30T17:40:13","date_gmt":"2025-04-30T15:40:13","guid":{"rendered":"https:\/\/clairedeseve.fr\/?page_id=76"},"modified":"2025-12-10T23:36:15","modified_gmt":"2025-12-10T22:36:15","slug":"a-propos","status":"publish","type":"page","link":"https:\/\/clairedeseve.fr\/","title":{"rendered":"bienvenue"},"content":{"rendered":"\n<p><\/p>\n\n\n<ul class=\"wp-block-categories-list wp-block-categories\">\t<li class=\"cat-item cat-item-10\"><a href=\"https:\/\/clairedeseve.fr\/?cat=10\">graphisme<\/a>\n<\/li>\n\t<li class=\"cat-item cat-item-9\"><a href=\"https:\/\/clairedeseve.fr\/?cat=9\">gravure<\/a>\n<\/li>\n\t<li class=\"cat-item cat-item-11\"><a href=\"https:\/\/clairedeseve.fr\/?cat=11\">webdesign<\/a>\n<\/li>\n<\/ul>\n\n\n<p class=\"has-text-align-center has-pale-pink-color has-white-background-color has-text-color has-background has-link-color wp-elements-17de9044edbb48c7c46ed33c68feda4e\">je suis claire, <strong>infographiste en multim\u00e9dia<\/strong> dans le Tregor, en Bretagne, <br>curieuse et anim\u00e9e par les projets <strong>cr\u00e9atif, solidaire, sinc\u00e8re<\/strong><br>sensible aux <strong>enjeux sociaux et environnementaux<\/strong> de notre \u00e9poque<br>passionn\u00e9e de gravure et <strong>techniques d&rsquo;impressions manuelles et m\u00e9caniques<\/strong><\/p>\n\n\n\n<p class=\"has-text-align-center has-pale-pink-color has-white-background-color has-text-color has-background has-link-color wp-elements-6c90ff555a0d91bd8ff39578a5cd1112\"><br>je vous accompagne dans le d\u00e9veloppement de votre structure, association, coop\u00e9rative, vous aide \u00e0 renforcer son image<\/p>\n\n\n\n<p class=\"has-pale-pink-color has-white-background-color has-text-color has-background has-link-color wp-elements-0d2e86bcfac9603494e378c899b9d597\">Pour en savoir plus, <a href=\"\/wp-content\/uploads\/2025\/05\/CV-0525.pdf\" data-type=\"link\" data-id=\"\/wp-content\/uploads\/2025\/05\/CV-0525.pdf\" target=\"_blank\" rel=\"noreferrer noopener\">t\u00e9l\u00e9chargez mon CV<\/a> et contactez-moi via le formulaire de contact ou par t\u00e9l\u00e9phone, au \u27647 83 \u27774 41 55.<\/p>\n\n\n\n<p><\/p>\n","protected":false},"excerpt":{"rendered":"<p>je suis claire, infographiste en multim\u00e9dia dans le Tregor, en Bretagne, curieuse et anim\u00e9e par les projets cr\u00e9atif, solidaire, sinc\u00e8resensible aux enjeux [&hellip;]<\/p>\n","protected":false},"author":1,"featured_media":0,"parent":0,"menu_order":0,"comment_status":"closed","ping_status":"closed","template":"","meta":{"footnotes":""},"class_list":["post-76","page","type-page","status-publish","hentry"],"_links":{"self":[{"href":"https:\/\/clairedeseve.fr\/index.php?rest_route=\/wp\/v2\/pages\/76","targetHints":{"allow":["GET"]}}],"collection":[{"href":"https:\/\/clairedeseve.fr\/index.php?rest_route=\/wp\/v2\/pages"}],"about":[{"href":"https:\/\/clairedeseve.fr\/index.php?rest_route=\/wp\/v2\/types\/page"}],"author":[{"embeddable":true,"href":"https:\/\/clairedeseve.fr\/index.php?rest_route=\/wp\/v2\/users\/1"}],"replies":[{"embeddable":true,"href":"https:\/\/clairedeseve.fr\/index.php?rest_route=%2Fwp%2Fv2%2Fcomments&post=76"}],"version-history":[{"count":40,"href":"https:\/\/clairedeseve.fr\/index.php?rest_route=\/wp\/v2\/pages\/76\/revisions"}],"predecessor-version":[{"id":558,"href":"https:\/\/clairedeseve.fr\/index.php?rest_route=\/wp\/v2\/pages\/76\/revisions\/558"}],"wp:attachment":[{"href":"https:\/\/clairedeseve.fr\/index.php?rest_route=%2Fwp%2Fv2%2Fmedia&parent=76"}],"curies":[{"name":"wp","href":"https:\/\/api.w.org\/{rel}","templated":true}]}}